{"id":262,"date":"2025-01-20T19:52:19","date_gmt":"2025-01-20T19:52:19","guid":{"rendered":"http:\/\/www.elleracake.com\/?post_type=product&#038;p=262"},"modified":"2025-02-22T14:50:51","modified_gmt":"2025-02-22T14:50:51","slug":"belcika-cikolatali-islak-brownie","status":"publish","type":"product","link":"https:\/\/www.elleracake.com\/en\/urun\/belcika-cikolatali-islak-brownie\/","title":{"rendered":"Bel\u00e7ika \u00c7ikolatal\u0131 Islak Brownie"},"content":{"rendered":"<p>\u00dcr\u00fcn a\u00e7\u0131klamas\u0131 buraya yaz\u0131lacak<\/p>\n","protected":false},"excerpt":{"rendered":"<p>Ger\u00e7ek Bel\u00e7ika \u00e7ikolatas\u0131yla haz\u0131rlanan, yo\u011fun k\u0131vaml\u0131 ve nefis \u0131slak brownie! \u00c7ikolata tutkunlar\u0131 i\u00e7in her lokmada zengin ve tatmin edici bir lezzet!<\/p>\n[fusion_table fusion_table_type=\"2\" fusion_table_rows=\"\" fusion_table_columns=\"\" awb-switch-editor-focus=\"\" margin_top=\"\" margin_right=\"\" margin_bottom=\"\" margin_left=\"\" hide_on_mobile=\"small-visibility,medium-visibility,large-visibility\" class=\"\" id=\"\" animation_type=\"\" animation_direction=\"left\" animation_color=\"\" hue=\"\" saturation=\"\" lightness=\"\" alpha=\"\" animation_speed=\"0.3\" animation_delay=\"0\" animation_offset=\"\"]<\/p>\n<div class=\"table-2\">\n<p>&nbsp;<\/p>\n<table width=\"100%\">\n<tbody>\n<tr>\n<td align=\"left\">Kutu i\u00e7i dilim say\u0131s\u0131<\/td>\n<td align=\"left\">15 Adet<\/td>\n<\/tr>\n<tr>\n<td align=\"left\">Koli i\u00e7i kutu say\u0131s\u0131<\/td>\n<td align=\"left\">10 Adet<\/td>\n<\/tr>\n<tr>\n<td align=\"left\">Dilim A\u011f\u0131rl\u0131\u011f\u0131<\/td>\n<td align=\"left\">145 gr<\/td>\n<\/tr>\n<\/tbody>\n<\/table>\n<\/div>\n<p>[\/fusion_table]\n","protected":false},"featured_media":263,"comment_status":"open","ping_status":"closed","template":"","meta":[],"product_brand":[],"product_cat":[25],"product_tag":[],"class_list":{"0":"post-262","1":"product","2":"type-product","3":"status-publish","4":"has-post-thumbnail","6":"product_cat-brownie","8":"first","9":"instock","10":"shipping-taxable","11":"purchasable","12":"product-type-simple"},"_links":{"self":[{"href":"https:\/\/www.elleracake.com\/en\/wp-json\/wp\/v2\/product\/262","targetHints":{"allow":["GET"]}}],"collection":[{"href":"https:\/\/www.elleracake.com\/en\/wp-json\/wp\/v2\/product"}],"about":[{"href":"https:\/\/www.elleracake.com\/en\/wp-json\/wp\/v2\/types\/product"}],"replies":[{"embeddable":true,"href":"https:\/\/www.elleracake.com\/en\/wp-json\/wp\/v2\/comments?post=262"}],"wp:featuredmedia":[{"embeddable":true,"href":"https:\/\/www.elleracake.com\/en\/wp-json\/wp\/v2\/media\/263"}],"wp:attachment":[{"href":"https:\/\/www.elleracake.com\/en\/wp-json\/wp\/v2\/media?parent=262"}],"wp:term":[{"taxonomy":"product_brand","embeddable":true,"href":"https:\/\/www.elleracake.com\/en\/wp-json\/wp\/v2\/product_brand?post=262"},{"taxonomy":"product_cat","embeddable":true,"href":"https:\/\/www.elleracake.com\/en\/wp-json\/wp\/v2\/product_cat?post=262"},{"taxonomy":"product_tag","embeddable":true,"href":"https:\/\/www.elleracake.com\/en\/wp-json\/wp\/v2\/product_tag?post=262"}],"curies":[{"name":"wp","href":"https:\/\/api.w.org\/{rel}","templated":true}]}}