{"id":278,"date":"2025-01-20T20:08:02","date_gmt":"2025-01-20T20:08:02","guid":{"rendered":"http:\/\/www.elleracake.com\/?post_type=product&#038;p=278"},"modified":"2025-02-22T14:19:00","modified_gmt":"2025-02-22T14:19:00","slug":"lotus-karamelli-cheesecake","status":"publish","type":"product","link":"https:\/\/www.elleracake.com\/en\/urun\/lotus-karamelli-cheesecake\/","title":{"rendered":"Lotus Karamelli Cheesecake"},"content":{"rendered":"<p>\u00dcr\u00fcn a\u00e7\u0131klamas\u0131 burada yer alacak<\/p>\n","protected":false},"excerpt":{"rendered":"<p>Yo\u011fun Lotus bisk\u00fcvisi ve enfes karamel lezzetiyle haz\u0131rlanan, katk\u0131 maddesi i\u00e7ermeyen cheesecake! Kremsi dokusu ve e\u015fsiz aromas\u0131yla tatl\u0131 bir ka\u00e7amak!<\/p>\n[fusion_table fusion_table_type=\"2\" fusion_table_rows=\"\" fusion_table_columns=\"\" awb-switch-editor-focus=\"\" margin_top=\"\" margin_right=\"\" margin_bottom=\"\" margin_left=\"\" hide_on_mobile=\"small-visibility,medium-visibility,large-visibility\" class=\"\" id=\"\" animation_type=\"\" animation_direction=\"left\" animation_color=\"\" hue=\"\" saturation=\"\" lightness=\"\" alpha=\"\" animation_speed=\"0.3\" animation_delay=\"0\" animation_offset=\"\"]<\/p>\n<div class=\"table-2\">\n<p>&nbsp;<\/p>\n<table width=\"100%\">\n<tbody>\n<tr>\n<td align=\"left\">Kutu i\u00e7i dilim say\u0131s\u0131<\/td>\n<td align=\"left\">14 Adet<\/td>\n<\/tr>\n<tr>\n<td align=\"left\">Koli i\u00e7i kutu say\u0131s\u0131<\/td>\n<td align=\"left\">12 Adet<\/td>\n<\/tr>\n<tr>\n<td align=\"left\">Dilim A\u011f\u0131rl\u0131\u011f\u0131<\/td>\n<td align=\"left\">170 gr<\/td>\n<\/tr>\n<\/tbody>\n<\/table>\n<\/div>\n<p>[\/fusion_table]\n","protected":false},"featured_media":279,"comment_status":"open","ping_status":"closed","template":"","meta":[],"product_brand":[],"product_cat":[23,26],"product_tag":[],"class_list":{"0":"post-278","1":"product","2":"type-product","3":"status-publish","4":"has-post-thumbnail","6":"product_cat-cheesecake","7":"product_cat-ozel-urunler","9":"first","10":"instock","11":"shipping-taxable","12":"purchasable","13":"product-type-simple"},"_links":{"self":[{"href":"https:\/\/www.elleracake.com\/en\/wp-json\/wp\/v2\/product\/278","targetHints":{"allow":["GET"]}}],"collection":[{"href":"https:\/\/www.elleracake.com\/en\/wp-json\/wp\/v2\/product"}],"about":[{"href":"https:\/\/www.elleracake.com\/en\/wp-json\/wp\/v2\/types\/product"}],"replies":[{"embeddable":true,"href":"https:\/\/www.elleracake.com\/en\/wp-json\/wp\/v2\/comments?post=278"}],"wp:featuredmedia":[{"embeddable":true,"href":"https:\/\/www.elleracake.com\/en\/wp-json\/wp\/v2\/media\/279"}],"wp:attachment":[{"href":"https:\/\/www.elleracake.com\/en\/wp-json\/wp\/v2\/media?parent=278"}],"wp:term":[{"taxonomy":"product_brand","embeddable":true,"href":"https:\/\/www.elleracake.com\/en\/wp-json\/wp\/v2\/product_brand?post=278"},{"taxonomy":"product_cat","embeddable":true,"href":"https:\/\/www.elleracake.com\/en\/wp-json\/wp\/v2\/product_cat?post=278"},{"taxonomy":"product_tag","embeddable":true,"href":"https:\/\/www.elleracake.com\/en\/wp-json\/wp\/v2\/product_tag?post=278"}],"curies":[{"name":"wp","href":"https:\/\/api.w.org\/{rel}","templated":true}]}}