{"id":978,"date":"2025-01-21T20:03:14","date_gmt":"2025-01-21T20:03:14","guid":{"rendered":"http:\/\/www.elleracake.com\/urun\/devils-cake-pasta\/"},"modified":"2025-03-17T20:09:55","modified_gmt":"2025-03-17T20:09:55","slug":"devils-cake","status":"publish","type":"product","link":"https:\/\/www.elleracake.com\/en\/urun\/devils-cake\/","title":{"rendered":"Devils Cake"},"content":{"rendered":"<p>\u00dcr\u00fcn a\u00e7\u0131klamas\u0131 burada yer alacakt\u0131r.<\/p>\n","protected":false},"excerpt":{"rendered":"<p>Kakao ve vanilyan\u0131n m\u00fckemmel uyumuyla haz\u0131rlanan Devil\u2019s Cake! Yo\u011fun lezzeti ve kremsi dokusuyla tatl\u0131 severler i\u00e7in enfes bir deneyim.<\/p>\n[fusion_table fusion_table_type=\"2\" fusion_table_rows=\"\" fusion_table_columns=\"\" awb-switch-editor-focus=\"\" margin_top=\"\" margin_right=\"\" margin_bottom=\"\" margin_left=\"\" hide_on_mobile=\"small-visibility,medium-visibility,large-visibility\" class=\"\" id=\"\" animation_type=\"\" animation_direction=\"left\" animation_color=\"\" hue=\"\" saturation=\"\" lightness=\"\" alpha=\"\" animation_speed=\"0.3\" animation_delay=\"0\" animation_offset=\"\"]<\/p>\n<div class=\"table-2\">\n<p>&nbsp;<\/p>\n<table width=\"100%\">\n<tbody>\n<tr>\n<td align=\"left\">Kutu i\u00e7i dilim say\u0131s\u0131<\/td>\n<td align=\"left\">12 Adet<\/td>\n<\/tr>\n<tr>\n<td align=\"left\">Koli i\u00e7i kutu say\u0131s\u0131<\/td>\n<td align=\"left\">9 Adet<\/td>\n<\/tr>\n<tr>\n<td align=\"left\">Dilim A\u011f\u0131rl\u0131\u011f\u0131<\/td>\n<td align=\"left\">135 gr<\/td>\n<\/tr>\n<\/tbody>\n<\/table>\n<\/div>\n<p>[\/fusion_table]\n","protected":false},"featured_media":979,"comment_status":"open","ping_status":"closed","template":"","meta":[],"product_brand":[],"product_cat":[84],"product_tag":[],"class_list":{"0":"post-978","1":"product","2":"type-product","3":"status-publish","4":"has-post-thumbnail","6":"product_cat-cake","8":"first","9":"instock","10":"shipping-taxable","11":"purchasable","12":"product-type-simple"},"_links":{"self":[{"href":"https:\/\/www.elleracake.com\/en\/wp-json\/wp\/v2\/product\/978","targetHints":{"allow":["GET"]}}],"collection":[{"href":"https:\/\/www.elleracake.com\/en\/wp-json\/wp\/v2\/product"}],"about":[{"href":"https:\/\/www.elleracake.com\/en\/wp-json\/wp\/v2\/types\/product"}],"replies":[{"embeddable":true,"href":"https:\/\/www.elleracake.com\/en\/wp-json\/wp\/v2\/comments?post=978"}],"wp:featuredmedia":[{"embeddable":true,"href":"https:\/\/www.elleracake.com\/en\/wp-json\/wp\/v2\/media\/979"}],"wp:attachment":[{"href":"https:\/\/www.elleracake.com\/en\/wp-json\/wp\/v2\/media?parent=978"}],"wp:term":[{"taxonomy":"product_brand","embeddable":true,"href":"https:\/\/www.elleracake.com\/en\/wp-json\/wp\/v2\/product_brand?post=978"},{"taxonomy":"product_cat","embeddable":true,"href":"https:\/\/www.elleracake.com\/en\/wp-json\/wp\/v2\/product_cat?post=978"},{"taxonomy":"product_tag","embeddable":true,"href":"https:\/\/www.elleracake.com\/en\/wp-json\/wp\/v2\/product_tag?post=978"}],"curies":[{"name":"wp","href":"https:\/\/api.w.org\/{rel}","templated":true}]}}